{"id":737,"date":"2021-03-03T08:42:27","date_gmt":"2021-03-03T08:42:27","guid":{"rendered":"https:\/\/themetechmount.com\/wordpress\/fablio\/?page_id=737"},"modified":"2021-03-03T08:42:27","modified_gmt":"2021-03-03T08:42:27","slug":"uslugi-2","status":"publish","type":"page","link":"https:\/\/fedar.de\/pl\/services-2\/","title":{"rendered":"Us\u0142ugi"},"content":{"rendered":"<div class=\"wpb-content-wrapper\">\n\n\n\n<div class=\"tm-row wpb_row vc_row-fluid vc_custom_1615809786973 tm-responsive-custom-16987661 vc_column-gap-default tm-zindex-0 vc_row container tm-bgimage-position-center_center\">\n\n\t\t\n\t <div class=\"vc_column-gap-default\"> \t\n\t\t\n\n<div class=\"wpb_column tm-column vc_column_container vc_col-sm-12 tm-zindex-0\">\n\t<div class=\"vc_column-inner\">\n\t\t\t\t<div class=\"wpb_wrapper\">\n\t\t\t<div class=\"themetechmount-boxes themetechmount-boxes-service themetechmount-boxes-view-default themetechmount-boxes-col-three themetechmount-boxes-sortable-no themetechmount-boxes-textalign-center tm-cta3-rev-heading\">\n\t\t<div class=\"themetechmount-boxes-inner themetechmount-boxes-service-inner\"><div class=\"themetechmount-box-heading-wrapper tm-element-align-center\"><div class=\"tm-element-heading-wrapper tm-heading-inner tm-element-align-center tm-seperator-none tm-heading-style-vertical\"><section class=\"tm-vc_cta3-container\"><div class=\"tm-vc_general tm-vc_cta3 tm-cta3-only tm-vc_cta3-style-classic tm-vc_cta3-shape-rounded tm-vc_cta3-align-center tm-vc_cta3-color-transparent tm-vc_cta3-icon-size-md tm-vc_cta3-actions-no tm-cta3-without-desc\"><div class=\"tm-vc_cta3_content-container\"><div class=\"tm-vc_cta3-content\"><header class=\"tm-vc_cta3-content-header tm-wrap\"><div class=\"tm-vc_cta3-headers tm-wrap-cell\"><h4 class=\"tm-custom-heading\" >Nasze us\u0142ugi<\/h4>\n<h2 class=\"tm-custom-heading\" >Twoja firma <b>Wzrost i sukces<\/b><\/h2>\n<\/div><div class=\"heading-seperator\"><span><\/span><\/div><\/header><\/div><\/div><\/div><\/section><\/div> <!-- .tm-element-heading-wrapper container --> <\/div> <!-- .tm-element-heading-wrapper container --> \n\t\t\t\t\n\t\t\t\t<div class=\"row multi-columns-row themetechmount-boxes-row-wrapper\">\n\t\t\t\t\t<div class=\"tm-box-col-wrapper col-lg-4 col-sm-6 col-md-4 col-xs-12 dtf-printers\"><article class=\"themetechmount-box themetechmount-box-service themetechmount-servicebox-styletwo\">\n\t<div class=\"themetechmount-post-item\">\n\t\t<div class=\"themetechmount-box-bottom-content\">\t\n\t\t\t<div class=\"tm-featured-wrapper tm-tm_service-featured-wrapper\"><a href=\"https:\/\/fedar.de\/pl\/service\/dtf-printers\/\"><img fetchpriority=\"high\" decoding=\"async\" width=\"768\" height=\"512\" src=\"https:\/\/fedar.de\/wp-content\/uploads\/2021\/03\/DTF-Printers-768x512.png\" class=\"attachment-medium_large size-medium_large wp-post-image\" alt=\"Fedar DTF Printer\" srcset=\"https:\/\/fedar.de\/wp-content\/uploads\/2021\/03\/DTF-Printers-768x512.png 768w, https:\/\/fedar.de\/wp-content\/uploads\/2021\/03\/DTF-Printers-300x200.png 300w, https:\/\/fedar.de\/wp-content\/uploads\/2021\/03\/DTF-Printers-1024x683.png 1024w, https:\/\/fedar.de\/wp-content\/uploads\/2021\/03\/DTF-Printers.png 1200w\" sizes=\"(max-width: 768px) 100vw, 768px\" data-id=\"1677\" \/><\/a><\/div>\t\t\t<div class=\"tm-servicebox-detials\">\n\t\t\t\t<div class=\"tm-box-header\">\n\t\t\t\t\t<div class=\"themetechmount-box-title\"><h4><a href=\"https:\/\/fedar.de\/pl\/service\/dtf-printers\/\">Drukarki Fedar DTF<\/a><\/h4><\/div>\t\t\t\t\t<div class=\"tm-details-link\"><a href=\"https:\/\/fedar.de\/pl\/service\/dtf-printers\/\"><i class=\"themifyicon ti-arrow-top-right\"><\/i><\/a><\/div>\n\t\t\t\t<\/div>\n\t\t\t\t<div class=\"themetechmount-box-desc\">\n\t\t\t\t\t\t\t\t\t\t\t<div class=\"tm-short-desc\">\n\t\t\t\t\t\t\tDrukowanie na niemal ka\u017cdej powierzchni za pomoc\u0105 drukarek DTF Fedar w niewiarygodnej cenie! Technologia druku DTF (Direct to Film) umo\u017cliwia drukowanie dowolnych wzor\u00f3w na r\u00f3\u017cnych tkaninach i innych materia\u0142ach.\t\t\t\t\t\t<\/div>\n\t\t\t\t\t\t\t\t\t<\/div> \n\t\t\t<\/div>\n\t\t<\/div>\n\t<\/div>\n<\/article><\/div><div class=\"tm-box-col-wrapper col-lg-4 col-sm-6 col-md-4 col-xs-12 sublimation-printers\"><article class=\"themetechmount-box themetechmount-box-service themetechmount-servicebox-styletwo\">\n\t<div class=\"themetechmount-post-item\">\n\t\t<div class=\"themetechmount-box-bottom-content\">\t\n\t\t\t<div class=\"tm-featured-wrapper tm-tm_service-featured-wrapper\"><a href=\"https:\/\/fedar.de\/pl\/service\/sublimation-printers\/\"><img decoding=\"async\" width=\"768\" height=\"512\" src=\"https:\/\/fedar.de\/wp-content\/uploads\/2021\/03\/Sublimation-Printers-768x512.png\" class=\"attachment-medium_large size-medium_large wp-post-image\" alt=\"Drukarki sublimacyjne Fedar\" srcset=\"https:\/\/fedar.de\/wp-content\/uploads\/2021\/03\/Sublimation-Printers-768x512.png 768w, https:\/\/fedar.de\/wp-content\/uploads\/2021\/03\/Sublimation-Printers-300x200.png 300w, https:\/\/fedar.de\/wp-content\/uploads\/2021\/03\/Sublimation-Printers-1024x682.png 1024w, https:\/\/fedar.de\/wp-content\/uploads\/2021\/03\/Sublimation-Printers.png 1201w\" sizes=\"(max-width: 768px) 100vw, 768px\" data-id=\"1678\" \/><\/a><\/div>\t\t\t<div class=\"tm-servicebox-detials\">\n\t\t\t\t<div class=\"tm-box-header\">\n\t\t\t\t\t<div class=\"themetechmount-box-title\"><h4><a href=\"https:\/\/fedar.de\/pl\/service\/sublimation-printers\/\">Drukarki sublimacyjne Fedar<\/a><\/h4><\/div>\t\t\t\t\t<div class=\"tm-details-link\"><a href=\"https:\/\/fedar.de\/pl\/service\/sublimation-printers\/\"><i class=\"themifyicon ti-arrow-top-right\"><\/i><\/a><\/div>\n\t\t\t\t<\/div>\n\t\t\t\t<div class=\"themetechmount-box-desc\">\n\t\t\t\t\t\t\t\t\t\t\t<div class=\"tm-short-desc\">\n\t\t\t\t\t\t\tOdkryj szerok\u0105 gam\u0119 drukarek sublimacyjnych Fedar, kt\u00f3re oferuj\u0105 \u0142atwo\u015b\u0107 obs\u0142ugi, wydajn\u0105 produkcj\u0119 i efektywno\u015b\u0107 kosztow\u0105 w tym samym czasie! \t\t\t\t\t\t<\/div>\n\t\t\t\t\t\t\t\t\t<\/div> \n\t\t\t<\/div>\n\t\t<\/div>\n\t<\/div>\n<\/article><\/div>\n\t\t\t\t<\/div>\n\t\t\t<\/div><!-- .themetechmount-boxes-inner -->   <\/div><!-- .themetechmount-boxes -->  \t\t<\/div>\n\t<\/div>\n<\/div>\n\n\n\n\t\t\n\t <\/div> <\/div>\n\n\n\n\n\n\n\n\n<\/div>","protected":false},"excerpt":{"rendered":"Fedar Sublimation Printers Unleash your creativity with Fedar Sublimation Printers, designed for superior quality and performance in the world of dye-sublimation printing. Fedar printers offer precision and efficiency, making them ideal for businesses seeking vibrant, durable prints on a variety of substrates including textiles, apparel, signage, and more. Backed Up By AluBest As an industry-leading &hellip; <a href=\"https:\/\/fedar.de\/pl\/products\/fedar-fd1900-sublimation-printer\/\" class=\"more-link\">Continue reading <span class=\"screen-reader-text\">Drukarka sublimacyjna Fedar FD1900<\/span><\/a>","protected":false},"author":1,"featured_media":0,"parent":0,"menu_order":0,"comment_status":"closed","ping_status":"closed","template":"","meta":{"footnotes":""},"class_list":["post-737","page","type-page","status-publish","hentry"],"_links":{"self":[{"href":"https:\/\/fedar.de\/pl\/wp-json\/wp\/v2\/pages\/737","targetHints":{"allow":["GET"]}}],"collection":[{"href":"https:\/\/fedar.de\/pl\/wp-json\/wp\/v2\/pages"}],"about":[{"href":"https:\/\/fedar.de\/pl\/wp-json\/wp\/v2\/types\/page"}],"author":[{"embeddable":true,"href":"https:\/\/fedar.de\/pl\/wp-json\/wp\/v2\/users\/1"}],"replies":[{"embeddable":true,"href":"https:\/\/fedar.de\/pl\/wp-json\/wp\/v2\/comments?post=737"}],"version-history":[{"count":0,"href":"https:\/\/fedar.de\/pl\/wp-json\/wp\/v2\/pages\/737\/revisions"}],"wp:attachment":[{"href":"https:\/\/fedar.de\/pl\/wp-json\/wp\/v2\/media?parent=737"}],"curies":[{"name":"wp","href":"https:\/\/api.w.org\/{rel}","templated":true}]}}